{"id":1456,"date":"2018-10-29T10:10:54","date_gmt":"2018-10-29T10:10:54","guid":{"rendered":"http:\/\/reinermann.ee\/et\/?page_id=1456"},"modified":"2023-11-09T11:01:23","modified_gmt":"2023-11-09T11:01:23","slug":"fassaadi-pesu","status":"publish","type":"page","link":"https:\/\/reinermann.ee\/et\/puhastusteenused\/fassaadi-pesu\/","title":{"rendered":"Fassaadi pesu"},"content":{"rendered":"<div class='flex_column_table av-sbi9zk-d0f7a6796d0834f352b277ccd1e9dff6 sc-av_two_third av-equal-height-column-flextable'>\n<style type=\"text\/css\" data-created_by=\"avia_inline_auto\" id=\"style-css-av-sbi9zk-d0f7a6796d0834f352b277ccd1e9dff6\">\n.flex_column.av-sbi9zk-d0f7a6796d0834f352b277ccd1e9dff6{\nwidth:65%;\nmargin-left:0;\nborder-radius:0px 0px 0px 0px;\n}\n#top .flex_column_table.av-equal-height-column-flextable.av-sbi9zk-d0f7a6796d0834f352b277ccd1e9dff6 .av-flex-placeholder{\nwidth:5%;\n}\n<\/style>\n<div  class='flex_column av-sbi9zk-d0f7a6796d0834f352b277ccd1e9dff6 av_two_third  avia-builder-el-0  el_before_av_one_third  avia-builder-el-first  first flex_column_table_cell av-equal-height-column av-align-middle av-animated-generic bottom-to-top  '     ><p>\n<style type=\"text\/css\" data-created_by=\"avia_inline_auto\" id=\"style-css-av-2nzypc-615500d1fc18a1af14e668f90a67c345\">\n#top .av-special-heading.av-2nzypc-615500d1fc18a1af14e668f90a67c345{\npadding-bottom:10px;\nfont-size:30px;\n}\nbody .av-special-heading.av-2nzypc-615500d1fc18a1af14e668f90a67c345 .av-special-heading-tag .heading-char{\nfont-size:25px;\n}\n#top #wrap_all .av-special-heading.av-2nzypc-615500d1fc18a1af14e668f90a67c345 .av-special-heading-tag{\nfont-size:30px;\n}\n.av-special-heading.av-2nzypc-615500d1fc18a1af14e668f90a67c345 .av-subheading{\nfont-size:15px;\n}\n\n@media only screen and (min-width: 480px) and (max-width: 767px){ \n#top #wrap_all .av-special-heading.av-2nzypc-615500d1fc18a1af14e668f90a67c345 .av-special-heading-tag{\nfont-size:0.8em;\n}\n}\n\n@media only screen and (max-width: 479px){ \n#top #wrap_all .av-special-heading.av-2nzypc-615500d1fc18a1af14e668f90a67c345 .av-special-heading-tag{\nfont-size:0.8em;\n}\n}\n<\/style>\n<div  class='av-special-heading av-2nzypc-615500d1fc18a1af14e668f90a67c345 av-special-heading-h1 blockquote modern-quote  avia-builder-el-1  el_before_av_hr  avia-builder-el-first  av-inherit-size'><h1 class='av-special-heading-tag'  itemprop=\"headline\"  >Fassaadi pesu<\/h1><div class=\"special-heading-border\"><div class=\"special-heading-inner-border\"><\/div><\/div><\/div><br \/>\n<div  class='hr av-phpsow-e35e972572cffd9786d77455126b73ed hr-default  avia-builder-el-2  el_after_av_heading  el_before_av_textblock '><span class='hr-inner '><span class=\"hr-inner-style\"><\/span><\/span><\/div><br \/>\n<section  class='av_textblock_section av-okhdpc-c73e184559e3a0e816ea01880641a8a7 '   itemscope=\"itemscope\" itemtype=\"https:\/\/schema.org\/CreativeWork\" ><div class='avia_textblock'  itemprop=\"text\" ><p>Fassaadi pesu\u00a0k\u00e4igus puhastatakse fassaad sinna kogunenud mustusest ning taastatakse hoone v\u00e4rvus, kas\u00a0k\u00e4sipesu- v\u00f5i survepesumeetodil.\u00a0Pestud fassaad on\u00a0puhas, ilus\u00a0ja esinduslik.<\/p>\n<p>Meie puhastame fassaade olenevalt materjalist kas k\u00e4sipesu- v\u00f5i survepesumeetodil.\u00a0\u00dcldjuhul pestakse k\u00e4sitsi klaasfassaadi, m\u00f5ningatel juhtudel ka plekk- ja puitfassaadi \u2013 k\u00f5ikide teiste materjalide puhul on otstarbekam kasutada survepesu.<\/p>\n<p>Fassaadi pesu sagedus s\u00f5ltub materjalist \u2013 n\u00e4iteks klaas- v\u00f5i plekkfassaadi korral on seda m\u00f5istlik teha v\u00e4hemalt \u00fcks kord aastas; kivi v\u00f5i betooni puhul \u00fcks kord kahe-kolme aasta jooksul. Loomulikult on pesusageduse juures sama suur t\u00e4htsus hoone asukohal ja omaniku soovil j\u00e4tta sellest ilus mulje.<\/p>\n<\/div><\/section><\/p><\/div><div class='av-flex-placeholder'><\/div>\n<style type=\"text\/css\" data-created_by=\"avia_inline_auto\" id=\"style-css-av-czgqgg-8f5f0e70d45b70a6ab7ca788b15b1433\">\n.flex_column.av-czgqgg-8f5f0e70d45b70a6ab7ca788b15b1433{\nwidth:30%;\nmargin-left:0;\nborder-radius:0px 0px 0px 0px;\n}\n#top .flex_column_table.av-equal-height-column-flextable.av-czgqgg-8f5f0e70d45b70a6ab7ca788b15b1433 .av-flex-placeholder{\nwidth:5%;\n}\n<\/style>\n<div  class='flex_column av-czgqgg-8f5f0e70d45b70a6ab7ca788b15b1433 av_one_third  avia-builder-el-4  el_after_av_two_third  el_before_av_section  avia-builder-el-last  flex_column_table_cell av-equal-height-column av-align-middle av-animated-generic bottom-to-top  '     ><style type=\"text\/css\" data-created_by=\"avia_inline_auto\" id=\"style-css-av-lor1oc26-5f4acd4024380d9a14fd846943970afc\">\n.avia-image-container.av-lor1oc26-5f4acd4024380d9a14fd846943970afc img.avia_image{\nbox-shadow:none;\n}\n.avia-image-container.av-lor1oc26-5f4acd4024380d9a14fd846943970afc .av-image-caption-overlay-center{\ncolor:#ffffff;\n}\n<\/style>\n<div  class='avia-image-container av-lor1oc26-5f4acd4024380d9a14fd846943970afc av-styling- avia-align-center  avia-builder-el-5  avia-builder-el-no-sibling '   itemprop=\"image\" itemscope=\"itemscope\" itemtype=\"https:\/\/schema.org\/ImageObject\" ><div class=\"avia-image-container-inner\"><div class=\"avia-image-overlay-wrap\"><img decoding=\"async\" class='wp-image-1637 avia-img-lazy-loading-not-1637 avia_image ' src=\"https:\/\/reinermann.ee\/et\/wp-content\/uploads\/2023\/11\/fassaadi-pesu.jpg\" alt='fassaadi pesu' title='fassaadi pesu'  height=\"800\" width=\"845\"  itemprop=\"thumbnailUrl\" srcset=\"https:\/\/reinermann.ee\/et\/wp-content\/uploads\/2023\/11\/fassaadi-pesu.jpg 845w, https:\/\/reinermann.ee\/et\/wp-content\/uploads\/2023\/11\/fassaadi-pesu-300x284.jpg 300w, https:\/\/reinermann.ee\/et\/wp-content\/uploads\/2023\/11\/fassaadi-pesu-768x727.jpg 768w, https:\/\/reinermann.ee\/et\/wp-content\/uploads\/2023\/11\/fassaadi-pesu-705x667.jpg 705w\" sizes=\"(max-width: 845px) 100vw, 845px\" \/><\/div><\/div><\/div><\/div><\/div><!--close column table wrapper. Autoclose: 1 --><\/div><\/div><\/div><!-- close content main div --><\/div><\/div><div id='av_section_1'  class='avia-section av-a9pscw-c526cffbfb59029f7c279bc9c79a198e main_color avia-section-default avia-no-border-styling  avia-builder-el-6  el_after_av_one_third  el_before_av_postcontent  avia-bg-style-scroll container_wrap sidebar_right'  ><div class='container av-section-cont-open' ><div class='template-page content  av-content-small alpha units'><div class='post-entry post-entry-type-page post-entry-1456'><div class='entry-content-wrapper clearfix'>\n<div class='flex_column_table av-91hpjk-1cfba31b0d22a15cc54f000695fdef7d sc-av_three_fourth av-equal-height-column-flextable'>\n<style type=\"text\/css\" data-created_by=\"avia_inline_auto\" id=\"style-css-av-91hpjk-1cfba31b0d22a15cc54f000695fdef7d\">\n.flex_column.av-91hpjk-1cfba31b0d22a15cc54f000695fdef7d{\nwidth:74.25%;\nmargin-left:0;\nborder-radius:0px 0px 0px 0px;\n}\n#top .flex_column_table.av-equal-height-column-flextable.av-91hpjk-1cfba31b0d22a15cc54f000695fdef7d .av-flex-placeholder{\nwidth:3%;\n}\n<\/style>\n<div  class='flex_column av-91hpjk-1cfba31b0d22a15cc54f000695fdef7d av_three_fourth  avia-builder-el-7  el_before_av_one_fourth  avia-builder-el-first  first flex_column_table_cell av-equal-height-column av-align-middle  '     ><style type=\"text\/css\" data-created_by=\"avia_inline_auto\" id=\"style-css-av-lor1j60n-c075087100da23db58c2d24a067bcd9d\">\n#top .av-special-heading.av-lor1j60n-c075087100da23db58c2d24a067bcd9d{\npadding-bottom:10px;\nfont-size:30px;\n}\nbody .av-special-heading.av-lor1j60n-c075087100da23db58c2d24a067bcd9d .av-special-heading-tag .heading-char{\nfont-size:25px;\n}\n#top #wrap_all .av-special-heading.av-lor1j60n-c075087100da23db58c2d24a067bcd9d .av-special-heading-tag{\nfont-size:30px;\n}\n.av-special-heading.av-lor1j60n-c075087100da23db58c2d24a067bcd9d .av-subheading{\nfont-size:15px;\n}\n\n@media only screen and (min-width: 480px) and (max-width: 767px){ \n#top #wrap_all .av-special-heading.av-lor1j60n-c075087100da23db58c2d24a067bcd9d .av-special-heading-tag{\nfont-size:0.8em;\n}\n}\n\n@media only screen and (max-width: 479px){ \n#top #wrap_all .av-special-heading.av-lor1j60n-c075087100da23db58c2d24a067bcd9d .av-special-heading-tag{\nfont-size:0.8em;\n}\n}\n<\/style>\n<div  class='av-special-heading av-lor1j60n-c075087100da23db58c2d24a067bcd9d av-special-heading-h3 blockquote modern-quote  avia-builder-el-8  avia-builder-el-no-sibling  av-inherit-size'><h3 class='av-special-heading-tag'  itemprop=\"headline\"  >Fassaadi pesu teenus professionaalidelt. V\u00f5tke meiega \u00fchendust!<\/h3><div class=\"special-heading-border\"><div class=\"special-heading-inner-border\"><\/div><\/div><\/div><\/div><div class='av-flex-placeholder'><\/div>\n<style type=\"text\/css\" data-created_by=\"avia_inline_auto\" id=\"style-css-av-oig3k-28eb64d45753849a3ff5a8819a2f852d\">\n.flex_column.av-oig3k-28eb64d45753849a3ff5a8819a2f852d{\nwidth:22.75%;\nmargin-left:0;\nborder-radius:0px 0px 0px 0px;\npadding:30px 30px 30px 30px;\n}\n#top .flex_column_table.av-equal-height-column-flextable.av-oig3k-28eb64d45753849a3ff5a8819a2f852d .av-flex-placeholder{\nwidth:3%;\n}\n<\/style>\n<div  class='flex_column av-oig3k-28eb64d45753849a3ff5a8819a2f852d av_one_fourth  avia-builder-el-9  el_after_av_three_fourth  avia-builder-el-last  flex_column_table_cell av-equal-height-column av-align-middle  '     ><div  class='avia-buttonrow-wrap av-6ghdf4-3307d42dd5cf4d2a46f920035d403213 avia-buttonrow-center  avia-builder-el-10  avia-builder-el-no-sibling '>\n\n<style type=\"text\/css\" data-created_by=\"avia_inline_auto\" id=\"style-css-av-3r8uwg-f8b973396a7088b676a7fc91c044badf\">\n#top #wrap_all .avia-button.av-3r8uwg-f8b973396a7088b676a7fc91c044badf{\nmargin-bottom:5px;\nmargin-right:3px;\nmargin-left:3px;\n}\n<\/style>\n<a href='#hinnaparing'  class='avia-button av-3r8uwg-f8b973396a7088b676a7fc91c044badf avia-icon_select-no avia-size-large avia-color-theme-color'  ><span class='avia_iconbox_title' >K\u00fcsi pakkumist<\/span><\/a>\n<\/div><\/div><\/div><!--close column table wrapper. Autoclose: 1 -->[av_section min_height='' min_height_pc='25' min_height_px='500px' shadow='no-border-styling' bottom_border='no-border-styling' bottom_border_diagonal_color='#333333' bottom_border_diagonal_direction='' bottom_border_style='' padding='large' custom_margin='0px' custom_margin_sync='true' av-desktop-custom_margin='' av-desktop-custom_margin_sync='true' av-medium-custom_margin='' av-medium-custom_margin_sync='true' av-small-custom_margin='' av-small-custom_margin_sync='true' av-mini-custom_margin='' av-mini-custom_margin_sync='true' svg_div_top='' svg_div_top_color='#333333' svg_div_top_width='100' svg_div_top_height='50' svg_div_top_max_height='none' svg_div_top_opacity='' svg_div_bottom='' svg_div_bottom_color='#333333' svg_div_bottom_width='100' svg_div_bottom_height='50' svg_div_bottom_max_height='none' svg_div_bottom_opacity='' fold_type='' fold_height='' fold_more='Read more' fold_less='Read less' fold_text_style='' fold_btn_align='' color='main_color' background='bg_gradient' custom_bg='' background_gradient_direction='vertical' background_gradient_color1='#f2f2f2' background_gradient_color2='#ffffff' background_gradient_color3='' src='' attachment='' attachment_size='' attach='scroll' position='top left' repeat='no-repeat' video='' video_ratio='16:9' overlay_opacity='0.5' overlay_color='' overlay_pattern='' overlay_custom_pattern='' custom_arrow_bg='' fold_overlay_color='' fold_text_color='' fold_btn_color='theme-color' fold_btn_bg_color='' fold_btn_font_color='' size-btn-text='' av-desktop-font-size-btn-text='' av-medium-font-size-btn-text='' av-small-font-size-btn-text='' av-mini-font-size-btn-text='' fold_timer='' z_index_fold='' css_position_z_index='' av-desktop-css_position_z_index='' av-medium-css_position_z_index='' av-small-css_position_z_index='' av-mini-css_position_z_index='' id='hinnaparing' custom_class='' template_class='' aria_label='' av_element_hidden_in_editor='0' av_uid='av-jm7zk6' sc_version='1.0']\r\n[av_one_third first min_height='av-equal-height-column' vertical_alignment='av-align-middle' space='6' row_boxshadow_width='10' row_boxshadow_color='' margin='-200px,0px' av-desktop-margin='' av-desktop-margin_sync='true' av-medium-margin='' av-medium-margin_sync='true' av-small-margin='' av-small-margin_sync='true' av-mini-margin='' av-mini-margin_sync='true' mobile_breaking='' mobile_column_order='' border='' border_style='solid' border_color='' radius='0px' radius_sync='true' min_col_height='' padding='' padding_sync='true' av-desktop-padding='' av-desktop-padding_sync='true' av-medium-padding='' av-medium-padding_sync='true' av-small-padding='' av-small-padding_sync='true' av-mini-padding='' av-mini-padding_sync='true' svg_div_top='' svg_div_top_color='#333333' svg_div_top_width='100' svg_div_top_height='50' svg_div_top_max_height='none' svg_div_top_opacity='' svg_div_bottom='' svg_div_bottom_color='#333333' svg_div_bottom_width='100' svg_div_bottom_height='50' svg_div_bottom_max_height='none' svg_div_bottom_opacity='' fold_type='' fold_height='' fold_more='Read more' fold_less='Read less' fold_text_style='' fold_btn_align='' column_boxshadow_width='10' column_boxshadow_color='' background='bg_color' background_color='' background_gradient_direction='vertical' background_gradient_color1='#000000' background_gradient_color2='#ffffff' background_gradient_color3='' src='' attachment='' attachment_size='' background_position='top left' background_repeat='no-repeat' highlight_size='1.1' fold_overlay_color='' fold_text_color='' fold_btn_color='theme-color' fold_btn_bg_color='' fold_btn_font_color='' size-btn-text='' av-desktop-font-size-btn-text='' av-medium-font-size-btn-text='' av-small-font-size-btn-text='' av-mini-font-size-btn-text='' animation='bottom-to-top' animation_duration='' animation_custom_bg_color='' animation_z_index_curtain='100' parallax_parallax='' parallax_parallax_speed='' av-desktop-parallax_parallax='' av-desktop-parallax_parallax_speed='' av-medium-parallax_parallax='' av-medium-parallax_parallax_speed='' av-small-parallax_parallax='' av-small-parallax_parallax_speed='' av-mini-parallax_parallax='' av-mini-parallax_parallax_speed='' fold_timer='' z_index_fold='' css_position='' css_position_location=',,,' css_position_z_index='' av-desktop-css_position='' av-desktop-css_position_location=',,,' av-desktop-css_position_z_index='' av-medium-css_position='' av-medium-css_position_location=',,,' av-medium-css_position_z_index='' av-small-css_position='' av-small-css_position_location=',,,' av-small-css_position_z_index='' av-mini-css_position='' av-mini-css_position_location=',,,' av-mini-css_position_z_index='' link='' linktarget='' link_hover='' title_attr='' alt_attr='' mobile_display='' mobile_col_pos='0' id='' custom_class='' template_class='' aria_label='' av_uid='av-guzo5y' sc_version='1.0']\r\n\r\n[av_heading heading='Saada hinnap\u00e4ring' tag='h2' style='blockquote modern-quote' subheading_active='' show_icon='' icon='ue800' font='entypo-fontello' size='30' av-desktop-font-size-title='' av-medium-font-size-title='' av-small-font-size-title='' av-mini-font-size-title='' subheading_size='15' av-desktop-font-size='' av-medium-font-size='' av-small-font-size='' av-mini-font-size='' icon_size='' av-desktop-font-size-1='' av-medium-font-size-1='' av-small-font-size-1='' av-mini-font-size-1='' color='' custom_font='#ffffff' subheading_color='' seperator_color='' icon_color='' margin='' margin_sync='true' av-desktop-margin='' av-desktop-margin_sync='true' av-medium-margin='' av-medium-margin_sync='true' av-small-margin='' av-small-margin_sync='true' av-mini-margin='' av-mini-margin_sync='true' headline_padding='' headline_padding_sync='true' av-desktop-headline_padding='' av-desktop-headline_padding_sync='true' av-medium-headline_padding='' av-medium-headline_padding_sync='true' av-small-headline_padding='' av-small-headline_padding_sync='true' av-mini-headline_padding='' av-mini-headline_padding_sync='true' padding='10' av-desktop-padding='' av-medium-padding='' av-small-padding='' av-mini-padding='' icon_padding='10' av-desktop-icon_padding='' av-medium-icon_padding='' av-small-icon_padding='' av-mini-icon_padding='' link='' link_target='' title_attr='' id='' custom_class='' template_class='' av_uid='av-fzf1ye' sc_version='1.0' admin_preview_bg=''][\/av_heading]\r\n\r\n[av_textblock fold_type='' fold_height='' fold_more='Read more' fold_less='Read less' fold_text_style='' fold_btn_align='' textblock_styling_align='' textblock_styling='' textblock_styling_gap='' textblock_styling_mobile='' size='' av-desktop-font-size='' av-medium-font-size='' av-small-font-size='' av-mini-font-size='' font_color='' color='' fold_overlay_color='' fold_text_color='' fold_btn_color='theme-color' fold_btn_bg_color='' fold_btn_font_color='' size-btn-text='' av-desktop-font-size-btn-text='' av-medium-font-size-btn-text='' av-small-font-size-btn-text='' av-mini-font-size-btn-text='' fold_timer='' z_index_fold='' id='' custom_class='' template_class='' av_uid='av-drvjja' sc_version='1.0' admin_preview_bg='']\r\nKuna iga t\u00f6\u00f6 on oma erip\u00e4rade poolest teistest erinev, ei ole ilma lisainfota v\u00f5imalik puhastusteenusele hinnasilti k\u00fclge kleepida. Kui soovite hinnapakkumist, v\u00f5tke meiega palun \u00fchendust ja t\u00e4psustage oma soove ja vajadusi.\r\n\r\nMeiega on alati v\u00f5imalik teenuste maksumus l\u00e4bi r\u00e4\u00e4kida ning j\u00f5uda m\u00f5lema osapoole jaoks sobiva tulemuseni.\r\n[\/av_textblock]\r\n\r\n[\/av_one_third][av_two_third min_height='av-equal-height-column' vertical_alignment='av-align-middle' space='no_margin' row_boxshadow_width='10' row_boxshadow_color='' margin='-200px,0px' av-desktop-margin='' av-desktop-margin_sync='true' av-medium-margin='' av-medium-margin_sync='true' av-small-margin='' av-small-margin_sync='true' av-mini-margin='' av-mini-margin_sync='true' mobile_breaking='' mobile_column_order='' border='' border_style='solid' border_color='' radius='0px' radius_sync='true' min_col_height='' padding='20px' padding_sync='true' av-desktop-padding='' av-desktop-padding_sync='true' av-medium-padding='' av-medium-padding_sync='true' av-small-padding='' av-small-padding_sync='true' av-mini-padding='' av-mini-padding_sync='true' svg_div_top='' svg_div_top_color='#333333' svg_div_top_width='100' svg_div_top_height='50' svg_div_top_max_height='none' svg_div_top_opacity='' svg_div_bottom='' svg_div_bottom_color='#333333' svg_div_bottom_width='100' svg_div_bottom_height='50' svg_div_bottom_max_height='none' svg_div_bottom_opacity='' fold_type='' fold_height='' fold_more='Read more' fold_less='Read less' fold_text_style='' fold_btn_align='' column_boxshadow_width='10' column_boxshadow_color='' background='bg_color' background_color='' background_gradient_direction='vertical' background_gradient_color1='#000000' background_gradient_color2='#ffffff' background_gradient_color3='' src='' attachment='' attachment_size='' background_position='top left' background_repeat='no-repeat' highlight_size='1.1' fold_overlay_color='' fold_text_color='' fold_btn_color='theme-color' fold_btn_bg_color='' fold_btn_font_color='' size-btn-text='' av-desktop-font-size-btn-text='' av-medium-font-size-btn-text='' av-small-font-size-btn-text='' av-mini-font-size-btn-text='' animation='bottom-to-top' animation_duration='' animation_custom_bg_color='' animation_z_index_curtain='100' parallax_parallax='' parallax_parallax_speed='' av-desktop-parallax_parallax='' av-desktop-parallax_parallax_speed='' av-medium-parallax_parallax='' av-medium-parallax_parallax_speed='' av-small-parallax_parallax='' av-small-parallax_parallax_speed='' av-mini-parallax_parallax='' av-mini-parallax_parallax_speed='' fold_timer='' z_index_fold='' css_position='' css_position_location=',,,' css_position_z_index='' av-desktop-css_position='' av-desktop-css_position_location=',,,' av-desktop-css_position_z_index='' av-medium-css_position='' av-medium-css_position_location=',,,' av-medium-css_position_z_index='' av-small-css_position='' av-small-css_position_location=',,,' av-small-css_position_z_index='' av-mini-css_position='' av-mini-css_position_location=',,,' av-mini-css_position_z_index='' link='' linktarget='' link_hover='' title_attr='' alt_attr='' mobile_display='' mobile_col_pos='0' id='' custom_class='' template_class='' aria_label='' av_uid='av-ch75pi' sc_version='1.0']\r\n\r\n[av_contact title='' button='Saada p\u00e4ring' on_send='' sent='Ait\u00e4h! V\u00f5tame teiega \u00fchendust.' link='manually,http:\/\/' with_errors='' captcha='recaptcha_v3' captcha_theme='light' captcha_size='normal' captcha_score='0.5' email='reinermann@reinermann.ee' from_email='' subject='Hinnap\u00e4ring - Reinermann O\u00dc koduleht' autoresponder_email='henry@elemental.ee' autoresponder_reply_to='' autoresponder_subject='' autorespond='' autorespond_after='' form_align='' color='' heading_tag='' heading_class='' alb_description='' id='' custom_class='' template_class='' aria_label='' av_uid='av-an79au' sc_version='1.0' admin_preview_bg='']\r\n[av_contact_field type='text' label='Nimi' options='' check='is_empty' element_display='' width='element_third' headline_tag='h3' av_uid='av-9841vq' sc_version='1.0' multi_select='' av_contact_preselect=''][\/av_contact_field]\r\n[av_contact_field type='text' label='Telefon' options='' check='' element_display='' width='element_third' headline_tag='h3' av_uid='av-7wvy6e' sc_version='1.0' multi_select='' av_contact_preselect=''][\/av_contact_field]\r\n[av_contact_field type='text' label='E-post' options='' check='is_email' element_display='' width='element_third' headline_tag='h3' av_uid='av-io6qu' sc_version='1.0' multi_select='' av_contact_preselect=''][\/av_contact_field]\r\n[av_contact_field label='Objekti asukoht' type='text' options='' check='' width='' multi_select='' av_contact_preselect='' av_uid='av-3ifn8m' element_display='' headline_tag='h3' sc_version='1.0'][\/av_contact_field]\r\n[av_contact_field type='textarea' label='Lisainfo ja t\u00e4psustused' options='' check='is_empty' element_display='' width='' headline_tag='h3' av_uid='av-31laja' sc_version='1.0' multi_select='' av_contact_preselect=''][\/av_contact_field]\r\n[\/av_contact]\r\n\r\n[\/av_two_third]\r\n[\/av_section]\r\n\r\n<\/p>\n","protected":false},"excerpt":{"rendered":"","protected":false},"author":1,"featured_media":1637,"parent":952,"menu_order":0,"comment_status":"closed","ping_status":"closed","template":"","meta":{"footnotes":""},"class_list":["post-1456","page","type-page","status-publish","has-post-thumbnail","hentry"],"_links":{"self":[{"href":"https:\/\/reinermann.ee\/et\/wp-json\/wp\/v2\/pages\/1456","targetHints":{"allow":["GET"]}}],"collection":[{"href":"https:\/\/reinermann.ee\/et\/wp-json\/wp\/v2\/pages"}],"about":[{"href":"https:\/\/reinermann.ee\/et\/wp-json\/wp\/v2\/types\/page"}],"author":[{"embeddable":true,"href":"https:\/\/reinermann.ee\/et\/wp-json\/wp\/v2\/users\/1"}],"replies":[{"embeddable":true,"href":"https:\/\/reinermann.ee\/et\/wp-json\/wp\/v2\/comments?post=1456"}],"version-history":[{"count":6,"href":"https:\/\/reinermann.ee\/et\/wp-json\/wp\/v2\/pages\/1456\/revisions"}],"predecessor-version":[{"id":1658,"href":"https:\/\/reinermann.ee\/et\/wp-json\/wp\/v2\/pages\/1456\/revisions\/1658"}],"up":[{"embeddable":true,"href":"https:\/\/reinermann.ee\/et\/wp-json\/wp\/v2\/pages\/952"}],"wp:featuredmedia":[{"embeddable":true,"href":"https:\/\/reinermann.ee\/et\/wp-json\/wp\/v2\/media\/1637"}],"wp:attachment":[{"href":"https:\/\/reinermann.ee\/et\/wp-json\/wp\/v2\/media?parent=1456"}],"curies":[{"name":"wp","href":"https:\/\/api.w.org\/{rel}","templated":true}]}}