{"id":1467,"date":"2018-10-29T10:28:34","date_gmt":"2018-10-29T10:28:34","guid":{"rendered":"http:\/\/reinermann.ee\/et\/?page_id=1467"},"modified":"2023-11-09T11:02:58","modified_gmt":"2023-11-09T11:02:58","slug":"pehme-moobli-pesu","status":"publish","type":"page","link":"https:\/\/reinermann.ee\/et\/puhastusteenused\/pehme-moobli-pesu\/","title":{"rendered":"Pehme m\u00f6\u00f6bli pesu"},"content":{"rendered":"<div class='flex_column_table av-tpr9gb-4c6dfb84a557ce7ec3c850b7d198ec93 sc-av_two_third av-equal-height-column-flextable'>\n<style type=\"text\/css\" data-created_by=\"avia_inline_auto\" id=\"style-css-av-tpr9gb-4c6dfb84a557ce7ec3c850b7d198ec93\">\n.flex_column.av-tpr9gb-4c6dfb84a557ce7ec3c850b7d198ec93{\nwidth:64.666666666667%;\nmargin-left:0;\nborder-radius:0px 0px 0px 0px;\n}\n#top .flex_column_table.av-equal-height-column-flextable.av-tpr9gb-4c6dfb84a557ce7ec3c850b7d198ec93 .av-flex-placeholder{\nwidth:6%;\n}\n<\/style>\n<div  class='flex_column av-tpr9gb-4c6dfb84a557ce7ec3c850b7d198ec93 av_two_third  avia-builder-el-0  el_before_av_one_third  avia-builder-el-first  first flex_column_table_cell av-equal-height-column av-align-middle av-animated-generic bottom-to-top  '     ><p>\n<style type=\"text\/css\" data-created_by=\"avia_inline_auto\" id=\"style-css-av-ruba1n-e063b2c5f39e5786e133392faf7d093b\">\n#top .av-special-heading.av-ruba1n-e063b2c5f39e5786e133392faf7d093b{\npadding-bottom:10px;\nfont-size:30px;\n}\nbody .av-special-heading.av-ruba1n-e063b2c5f39e5786e133392faf7d093b .av-special-heading-tag .heading-char{\nfont-size:25px;\n}\n#top #wrap_all .av-special-heading.av-ruba1n-e063b2c5f39e5786e133392faf7d093b .av-special-heading-tag{\nfont-size:30px;\n}\n.av-special-heading.av-ruba1n-e063b2c5f39e5786e133392faf7d093b .av-subheading{\nfont-size:15px;\n}\n\n@media only screen and (min-width: 480px) and (max-width: 767px){ \n#top #wrap_all .av-special-heading.av-ruba1n-e063b2c5f39e5786e133392faf7d093b .av-special-heading-tag{\nfont-size:0.8em;\n}\n}\n\n@media only screen and (max-width: 479px){ \n#top #wrap_all .av-special-heading.av-ruba1n-e063b2c5f39e5786e133392faf7d093b .av-special-heading-tag{\nfont-size:0.8em;\n}\n}\n<\/style>\n<div  class='av-special-heading av-ruba1n-e063b2c5f39e5786e133392faf7d093b av-special-heading-h1 blockquote modern-quote  avia-builder-el-1  el_before_av_hr  avia-builder-el-first  av-inherit-size'><h1 class='av-special-heading-tag'  itemprop=\"headline\"  >Pehme m\u00f6\u00f6bli pesu<\/h1><div class=\"special-heading-border\"><div class=\"special-heading-inner-border\"><\/div><\/div><\/div><br \/>\n<div  class='hr av-p6cuh7-e56339dc9bfcfcabe4e72b50a7485cfb hr-default  avia-builder-el-2  el_after_av_heading  el_before_av_textblock '><span class='hr-inner '><span class=\"hr-inner-style\"><\/span><\/span><\/div><br \/>\n<section  class='av_textblock_section av-2doisr-d2c6701c542388b91bf702dff034ef2e '   itemscope=\"itemscope\" itemtype=\"https:\/\/schema.org\/CreativeWork\" ><div class='avia_textblock'  itemprop=\"text\" ><p>Et pehme m\u00f6\u00f6bli pind saaks t\u00e4ielikult puhtaks, tuleb aeg-ajalt teostada pehme m\u00f6\u00f6bli pesu. Esmalt toimub eelleotus, siis k\u00e4sitsi harjamine ja j\u00e4rgneva etapi jooksul l\u00e4bi t\u00f5husa survepesu meetodi eemaldame pehmele m\u00f6\u00f6blile tekkinud mustuse ja plekid.<\/p>\n<p>Juhul kui teil on soov peale pehme m\u00f6\u00f6bli pesu saada abivahendeid ja pesuaineid ootamatult\u00a0 tekkinud\u00a0 v\u00e4ikeste plekkide eemaldamiseks, p\u00f6\u00f6rduge meie poole &#8211; anname n\u00f5uandeid pehme m\u00f6\u00f6bli iseseisvaks hooldamiseks.<\/p>\n<\/div><\/section><\/p><\/div><div class='av-flex-placeholder'><\/div>\n<style type=\"text\/css\" data-created_by=\"avia_inline_auto\" id=\"style-css-av-1aumq3-a0fcc333dd8808c0966d82d8bd482f77\">\n.flex_column.av-1aumq3-a0fcc333dd8808c0966d82d8bd482f77{\nwidth:29.333333333333%;\nmargin-left:0;\nborder-radius:0px 0px 0px 0px;\n}\n#top .flex_column_table.av-equal-height-column-flextable.av-1aumq3-a0fcc333dd8808c0966d82d8bd482f77 .av-flex-placeholder{\nwidth:6%;\n}\n<\/style>\n<div  class='flex_column av-1aumq3-a0fcc333dd8808c0966d82d8bd482f77 av_one_third  avia-builder-el-4  el_after_av_two_third  el_before_av_section  avia-builder-el-last  flex_column_table_cell av-equal-height-column av-align-middle av-animated-generic bottom-to-top  '     ><style type=\"text\/css\" data-created_by=\"avia_inline_auto\" id=\"style-css-av-lor2bkuj-a020da2d0ca88bf0fd864def2d37c240\">\n.avia-image-container.av-lor2bkuj-a020da2d0ca88bf0fd864def2d37c240 img.avia_image{\nbox-shadow:none;\n}\n.avia-image-container.av-lor2bkuj-a020da2d0ca88bf0fd864def2d37c240 .av-image-caption-overlay-center{\ncolor:#ffffff;\n}\n<\/style>\n<div  class='avia-image-container av-lor2bkuj-a020da2d0ca88bf0fd864def2d37c240 av-styling- avia-align-center  avia-builder-el-5  avia-builder-el-no-sibling '   itemprop=\"image\" itemscope=\"itemscope\" itemtype=\"https:\/\/schema.org\/ImageObject\" ><div class=\"avia-image-container-inner\"><div class=\"avia-image-overlay-wrap\"><img decoding=\"async\" class='wp-image-1650 avia-img-lazy-loading-not-1650 avia_image ' src=\"https:\/\/reinermann.ee\/et\/wp-content\/uploads\/2023\/11\/pehme-moobli-pesu.jpg\" alt='pehme m\u00f6\u00f6bli pesu' title='pehme m\u00f6\u00f6bli pesu'  height=\"552\" width=\"504\"  itemprop=\"thumbnailUrl\" srcset=\"https:\/\/reinermann.ee\/et\/wp-content\/uploads\/2023\/11\/pehme-moobli-pesu.jpg 504w, https:\/\/reinermann.ee\/et\/wp-content\/uploads\/2023\/11\/pehme-moobli-pesu-274x300.jpg 274w\" sizes=\"(max-width: 504px) 100vw, 504px\" \/><\/div><\/div><\/div><\/div><\/div><!--close column table wrapper. Autoclose: 1 --><\/div><\/div><\/div><!-- close content main div --><\/div><\/div><div id='av_section_1'  class='avia-section av-baxle3-64d5162adfa4cbbe8ef24fdb5150fe32 main_color avia-section-default avia-no-border-styling  avia-builder-el-6  el_after_av_one_third  el_before_av_postcontent  avia-bg-style-scroll container_wrap sidebar_right'  ><div class='container av-section-cont-open' ><div class='template-page content  av-content-small alpha units'><div class='post-entry post-entry-type-page post-entry-1467'><div class='entry-content-wrapper clearfix'>\n<div class='flex_column_table av-zobp7-0ac89f3feae8596c395bce03934219db sc-av_three_fourth av-equal-height-column-flextable'>\n<style type=\"text\/css\" data-created_by=\"avia_inline_auto\" id=\"style-css-av-zobp7-0ac89f3feae8596c395bce03934219db\">\n.flex_column.av-zobp7-0ac89f3feae8596c395bce03934219db{\nwidth:74.25%;\nmargin-left:0;\nborder-radius:0px 0px 0px 0px;\n}\n#top .flex_column_table.av-equal-height-column-flextable.av-zobp7-0ac89f3feae8596c395bce03934219db .av-flex-placeholder{\nwidth:3%;\n}\n<\/style>\n<div  class='flex_column av-zobp7-0ac89f3feae8596c395bce03934219db av_three_fourth  avia-builder-el-7  el_before_av_one_fourth  avia-builder-el-first  first flex_column_table_cell av-equal-height-column av-align-middle  '     ><style type=\"text\/css\" data-created_by=\"avia_inline_auto\" id=\"style-css-av-lor269c9-3a33bdd87fe5935afc51e8945f989f1a\">\n#top .av-special-heading.av-lor269c9-3a33bdd87fe5935afc51e8945f989f1a{\npadding-bottom:10px;\nfont-size:30px;\n}\nbody .av-special-heading.av-lor269c9-3a33bdd87fe5935afc51e8945f989f1a .av-special-heading-tag .heading-char{\nfont-size:25px;\n}\n#top #wrap_all .av-special-heading.av-lor269c9-3a33bdd87fe5935afc51e8945f989f1a .av-special-heading-tag{\nfont-size:30px;\n}\n.av-special-heading.av-lor269c9-3a33bdd87fe5935afc51e8945f989f1a .av-subheading{\nfont-size:15px;\n}\n\n@media only screen and (min-width: 480px) and (max-width: 767px){ \n#top #wrap_all .av-special-heading.av-lor269c9-3a33bdd87fe5935afc51e8945f989f1a .av-special-heading-tag{\nfont-size:0.8em;\n}\n}\n\n@media only screen and (max-width: 479px){ \n#top #wrap_all .av-special-heading.av-lor269c9-3a33bdd87fe5935afc51e8945f989f1a .av-special-heading-tag{\nfont-size:0.8em;\n}\n}\n<\/style>\n<div  class='av-special-heading av-lor269c9-3a33bdd87fe5935afc51e8945f989f1a av-special-heading-h3 blockquote modern-quote  avia-builder-el-8  avia-builder-el-no-sibling  av-inherit-size'><h3 class='av-special-heading-tag'  itemprop=\"headline\"  >Pehme m\u00f6\u00f6bli pesu professionaalidelt. V\u00f5tke meiega \u00fchendust!<\/h3><div class=\"special-heading-border\"><div class=\"special-heading-inner-border\"><\/div><\/div><\/div><\/div><div class='av-flex-placeholder'><\/div>\n<style type=\"text\/css\" data-created_by=\"avia_inline_auto\" id=\"style-css-av-814zcr-be8c1ae8c7ac528787466c0b7172a9cf\">\n.flex_column.av-814zcr-be8c1ae8c7ac528787466c0b7172a9cf{\nwidth:22.75%;\nmargin-left:0;\nborder-radius:0px 0px 0px 0px;\npadding:30px 30px 30px 30px;\n}\n#top .flex_column_table.av-equal-height-column-flextable.av-814zcr-be8c1ae8c7ac528787466c0b7172a9cf .av-flex-placeholder{\nwidth:3%;\n}\n<\/style>\n<div  class='flex_column av-814zcr-be8c1ae8c7ac528787466c0b7172a9cf av_one_fourth  avia-builder-el-9  el_after_av_three_fourth  avia-builder-el-last  flex_column_table_cell av-equal-height-column av-align-middle  '     ><div  class='avia-buttonrow-wrap av-5tl1i3-93b791ec51f25a29a1336841b8bc827b avia-buttonrow-center  avia-builder-el-10  avia-builder-el-no-sibling '>\n\n<style type=\"text\/css\" data-created_by=\"avia_inline_auto\" id=\"style-css-av-3k30i3-6e0c02c709be7506c8872d7f02dff2b5\">\n#top #wrap_all .avia-button.av-3k30i3-6e0c02c709be7506c8872d7f02dff2b5{\nmargin-bottom:5px;\nmargin-right:3px;\nmargin-left:3px;\n}\n<\/style>\n<a href='#hinnaparing'  class='avia-button av-3k30i3-6e0c02c709be7506c8872d7f02dff2b5 avia-icon_select-no avia-size-large avia-color-theme-color'  ><span class='avia_iconbox_title' >K\u00fcsi pakkumist<\/span><\/a>\n<\/div><\/div><\/div><!--close column table wrapper. Autoclose: 1 -->[av_section min_height='' min_height_pc='25' min_height_px='500px' shadow='no-border-styling' bottom_border='no-border-styling' bottom_border_diagonal_color='#333333' bottom_border_diagonal_direction='' bottom_border_style='' padding='large' custom_margin='0px' custom_margin_sync='true' av-desktop-custom_margin='' av-desktop-custom_margin_sync='true' av-medium-custom_margin='' av-medium-custom_margin_sync='true' av-small-custom_margin='' av-small-custom_margin_sync='true' av-mini-custom_margin='' av-mini-custom_margin_sync='true' svg_div_top='' svg_div_top_color='#333333' svg_div_top_width='100' svg_div_top_height='50' svg_div_top_max_height='none' svg_div_top_opacity='' svg_div_bottom='' svg_div_bottom_color='#333333' svg_div_bottom_width='100' svg_div_bottom_height='50' svg_div_bottom_max_height='none' svg_div_bottom_opacity='' fold_type='' fold_height='' fold_more='Read more' fold_less='Read less' fold_text_style='' fold_btn_align='' color='main_color' background='bg_gradient' custom_bg='' background_gradient_direction='vertical' background_gradient_color1='#f2f2f2' background_gradient_color2='#ffffff' background_gradient_color3='' src='' attachment='' attachment_size='' attach='scroll' position='top left' repeat='no-repeat' video='' video_ratio='16:9' overlay_opacity='0.5' overlay_color='' overlay_pattern='' overlay_custom_pattern='' custom_arrow_bg='' fold_overlay_color='' fold_text_color='' fold_btn_color='theme-color' fold_btn_bg_color='' fold_btn_font_color='' size-btn-text='' av-desktop-font-size-btn-text='' av-medium-font-size-btn-text='' av-small-font-size-btn-text='' av-mini-font-size-btn-text='' fold_timer='' z_index_fold='' css_position_z_index='' av-desktop-css_position_z_index='' av-medium-css_position_z_index='' av-small-css_position_z_index='' av-mini-css_position_z_index='' id='hinnaparing' custom_class='' template_class='' aria_label='' av_element_hidden_in_editor='0' av_uid='av-jm7zk6' sc_version='1.0']\r\n[av_one_third first min_height='av-equal-height-column' vertical_alignment='av-align-middle' space='6' row_boxshadow_width='10' row_boxshadow_color='' margin='-200px,0px' av-desktop-margin='' av-desktop-margin_sync='true' av-medium-margin='' av-medium-margin_sync='true' av-small-margin='' av-small-margin_sync='true' av-mini-margin='' av-mini-margin_sync='true' mobile_breaking='' mobile_column_order='' border='' border_style='solid' border_color='' radius='0px' radius_sync='true' min_col_height='' padding='' padding_sync='true' av-desktop-padding='' av-desktop-padding_sync='true' av-medium-padding='' av-medium-padding_sync='true' av-small-padding='' av-small-padding_sync='true' av-mini-padding='' av-mini-padding_sync='true' svg_div_top='' svg_div_top_color='#333333' svg_div_top_width='100' svg_div_top_height='50' svg_div_top_max_height='none' svg_div_top_opacity='' svg_div_bottom='' svg_div_bottom_color='#333333' svg_div_bottom_width='100' svg_div_bottom_height='50' svg_div_bottom_max_height='none' svg_div_bottom_opacity='' fold_type='' fold_height='' fold_more='Read more' fold_less='Read less' fold_text_style='' fold_btn_align='' column_boxshadow_width='10' column_boxshadow_color='' background='bg_color' background_color='' background_gradient_direction='vertical' background_gradient_color1='#000000' background_gradient_color2='#ffffff' background_gradient_color3='' src='' attachment='' attachment_size='' background_position='top left' background_repeat='no-repeat' highlight_size='1.1' fold_overlay_color='' fold_text_color='' fold_btn_color='theme-color' fold_btn_bg_color='' fold_btn_font_color='' size-btn-text='' av-desktop-font-size-btn-text='' av-medium-font-size-btn-text='' av-small-font-size-btn-text='' av-mini-font-size-btn-text='' animation='bottom-to-top' animation_duration='' animation_custom_bg_color='' animation_z_index_curtain='100' parallax_parallax='' parallax_parallax_speed='' av-desktop-parallax_parallax='' av-desktop-parallax_parallax_speed='' av-medium-parallax_parallax='' av-medium-parallax_parallax_speed='' av-small-parallax_parallax='' av-small-parallax_parallax_speed='' av-mini-parallax_parallax='' av-mini-parallax_parallax_speed='' fold_timer='' z_index_fold='' css_position='' css_position_location=',,,' css_position_z_index='' av-desktop-css_position='' av-desktop-css_position_location=',,,' av-desktop-css_position_z_index='' av-medium-css_position='' av-medium-css_position_location=',,,' av-medium-css_position_z_index='' av-small-css_position='' av-small-css_position_location=',,,' av-small-css_position_z_index='' av-mini-css_position='' av-mini-css_position_location=',,,' av-mini-css_position_z_index='' link='' linktarget='' link_hover='' title_attr='' alt_attr='' mobile_display='' mobile_col_pos='0' id='' custom_class='' template_class='' aria_label='' av_uid='av-guzo5y' sc_version='1.0']\r\n\r\n[av_heading heading='Saada hinnap\u00e4ring' tag='h2' style='blockquote modern-quote' subheading_active='' show_icon='' icon='ue800' font='entypo-fontello' size='30' av-desktop-font-size-title='' av-medium-font-size-title='' av-small-font-size-title='' av-mini-font-size-title='' subheading_size='15' av-desktop-font-size='' av-medium-font-size='' av-small-font-size='' av-mini-font-size='' icon_size='' av-desktop-font-size-1='' av-medium-font-size-1='' av-small-font-size-1='' av-mini-font-size-1='' color='' custom_font='#ffffff' subheading_color='' seperator_color='' icon_color='' margin='' margin_sync='true' av-desktop-margin='' av-desktop-margin_sync='true' av-medium-margin='' av-medium-margin_sync='true' av-small-margin='' av-small-margin_sync='true' av-mini-margin='' av-mini-margin_sync='true' headline_padding='' headline_padding_sync='true' av-desktop-headline_padding='' av-desktop-headline_padding_sync='true' av-medium-headline_padding='' av-medium-headline_padding_sync='true' av-small-headline_padding='' av-small-headline_padding_sync='true' av-mini-headline_padding='' av-mini-headline_padding_sync='true' padding='10' av-desktop-padding='' av-medium-padding='' av-small-padding='' av-mini-padding='' icon_padding='10' av-desktop-icon_padding='' av-medium-icon_padding='' av-small-icon_padding='' av-mini-icon_padding='' link='' link_target='' title_attr='' id='' custom_class='' template_class='' av_uid='av-fzf1ye' sc_version='1.0' admin_preview_bg=''][\/av_heading]\r\n\r\n[av_textblock fold_type='' fold_height='' fold_more='Read more' fold_less='Read less' fold_text_style='' fold_btn_align='' textblock_styling_align='' textblock_styling='' textblock_styling_gap='' textblock_styling_mobile='' size='' av-desktop-font-size='' av-medium-font-size='' av-small-font-size='' av-mini-font-size='' font_color='' color='' fold_overlay_color='' fold_text_color='' fold_btn_color='theme-color' fold_btn_bg_color='' fold_btn_font_color='' size-btn-text='' av-desktop-font-size-btn-text='' av-medium-font-size-btn-text='' av-small-font-size-btn-text='' av-mini-font-size-btn-text='' fold_timer='' z_index_fold='' id='' custom_class='' template_class='' av_uid='av-drvjja' sc_version='1.0' admin_preview_bg='']\r\nKuna iga t\u00f6\u00f6 on oma erip\u00e4rade poolest teistest erinev, ei ole ilma lisainfota v\u00f5imalik puhastusteenusele hinnasilti k\u00fclge kleepida. Kui soovite hinnapakkumist, v\u00f5tke meiega palun \u00fchendust ja t\u00e4psustage oma soove ja vajadusi.\r\n\r\nMeiega on alati v\u00f5imalik teenuste maksumus l\u00e4bi r\u00e4\u00e4kida ning j\u00f5uda m\u00f5lema osapoole jaoks sobiva tulemuseni.\r\n[\/av_textblock]\r\n\r\n[\/av_one_third][av_two_third min_height='av-equal-height-column' vertical_alignment='av-align-middle' space='no_margin' row_boxshadow_width='10' row_boxshadow_color='' margin='-200px,0px' av-desktop-margin='' av-desktop-margin_sync='true' av-medium-margin='' av-medium-margin_sync='true' av-small-margin='' av-small-margin_sync='true' av-mini-margin='' av-mini-margin_sync='true' mobile_breaking='' mobile_column_order='' border='' border_style='solid' border_color='' radius='0px' radius_sync='true' min_col_height='' padding='20px' padding_sync='true' av-desktop-padding='' av-desktop-padding_sync='true' av-medium-padding='' av-medium-padding_sync='true' av-small-padding='' av-small-padding_sync='true' av-mini-padding='' av-mini-padding_sync='true' svg_div_top='' svg_div_top_color='#333333' svg_div_top_width='100' svg_div_top_height='50' svg_div_top_max_height='none' svg_div_top_opacity='' svg_div_bottom='' svg_div_bottom_color='#333333' svg_div_bottom_width='100' svg_div_bottom_height='50' svg_div_bottom_max_height='none' svg_div_bottom_opacity='' fold_type='' fold_height='' fold_more='Read more' fold_less='Read less' fold_text_style='' fold_btn_align='' column_boxshadow_width='10' column_boxshadow_color='' background='bg_color' background_color='' background_gradient_direction='vertical' background_gradient_color1='#000000' background_gradient_color2='#ffffff' background_gradient_color3='' src='' attachment='' attachment_size='' background_position='top left' background_repeat='no-repeat' highlight_size='1.1' fold_overlay_color='' fold_text_color='' fold_btn_color='theme-color' fold_btn_bg_color='' fold_btn_font_color='' size-btn-text='' av-desktop-font-size-btn-text='' av-medium-font-size-btn-text='' av-small-font-size-btn-text='' av-mini-font-size-btn-text='' animation='bottom-to-top' animation_duration='' animation_custom_bg_color='' animation_z_index_curtain='100' parallax_parallax='' parallax_parallax_speed='' av-desktop-parallax_parallax='' av-desktop-parallax_parallax_speed='' av-medium-parallax_parallax='' av-medium-parallax_parallax_speed='' av-small-parallax_parallax='' av-small-parallax_parallax_speed='' av-mini-parallax_parallax='' av-mini-parallax_parallax_speed='' fold_timer='' z_index_fold='' css_position='' css_position_location=',,,' css_position_z_index='' av-desktop-css_position='' av-desktop-css_position_location=',,,' av-desktop-css_position_z_index='' av-medium-css_position='' av-medium-css_position_location=',,,' av-medium-css_position_z_index='' av-small-css_position='' av-small-css_position_location=',,,' av-small-css_position_z_index='' av-mini-css_position='' av-mini-css_position_location=',,,' av-mini-css_position_z_index='' link='' linktarget='' link_hover='' title_attr='' alt_attr='' mobile_display='' mobile_col_pos='0' id='' custom_class='' template_class='' aria_label='' av_uid='av-ch75pi' sc_version='1.0']\r\n\r\n[av_contact title='' button='Saada p\u00e4ring' on_send='' sent='Ait\u00e4h! V\u00f5tame teiega \u00fchendust.' link='manually,http:\/\/' with_errors='' captcha='recaptcha_v3' captcha_theme='light' captcha_size='normal' captcha_score='0.5' email='reinermann@reinermann.ee' from_email='' subject='Hinnap\u00e4ring - Reinermann O\u00dc koduleht' autoresponder_email='henry@elemental.ee' autoresponder_reply_to='' autoresponder_subject='' autorespond='' autorespond_after='' form_align='' color='' heading_tag='' heading_class='' alb_description='' id='' custom_class='' template_class='' aria_label='' av_uid='av-an79au' sc_version='1.0' admin_preview_bg='']\r\n[av_contact_field type='text' label='Nimi' options='' check='is_empty' element_display='' width='element_third' headline_tag='h3' av_uid='av-9841vq' sc_version='1.0' multi_select='' av_contact_preselect=''][\/av_contact_field]\r\n[av_contact_field type='text' label='Telefon' options='' check='' element_display='' width='element_third' headline_tag='h3' av_uid='av-7wvy6e' sc_version='1.0' multi_select='' av_contact_preselect=''][\/av_contact_field]\r\n[av_contact_field type='text' label='E-post' options='' check='is_email' element_display='' width='element_third' headline_tag='h3' av_uid='av-io6qu' sc_version='1.0' multi_select='' av_contact_preselect=''][\/av_contact_field]\r\n[av_contact_field label='Objekti asukoht' type='text' options='' check='' width='' multi_select='' av_contact_preselect='' av_uid='av-3ifn8m' element_display='' headline_tag='h3' sc_version='1.0'][\/av_contact_field]\r\n[av_contact_field type='textarea' label='Lisainfo ja t\u00e4psustused' options='' check='is_empty' element_display='' width='' headline_tag='h3' av_uid='av-31laja' sc_version='1.0' multi_select='' av_contact_preselect=''][\/av_contact_field]\r\n[\/av_contact]\r\n\r\n[\/av_two_third]\r\n[\/av_section]\r\n\r\n<\/p>\n","protected":false},"excerpt":{"rendered":"","protected":false},"author":1,"featured_media":1650,"parent":952,"menu_order":0,"comment_status":"closed","ping_status":"closed","template":"","meta":{"footnotes":""},"class_list":["post-1467","page","type-page","status-publish","has-post-thumbnail","hentry"],"_links":{"self":[{"href":"https:\/\/reinermann.ee\/et\/wp-json\/wp\/v2\/pages\/1467","targetHints":{"allow":["GET"]}}],"collection":[{"href":"https:\/\/reinermann.ee\/et\/wp-json\/wp\/v2\/pages"}],"about":[{"href":"https:\/\/reinermann.ee\/et\/wp-json\/wp\/v2\/types\/page"}],"author":[{"embeddable":true,"href":"https:\/\/reinermann.ee\/et\/wp-json\/wp\/v2\/users\/1"}],"replies":[{"embeddable":true,"href":"https:\/\/reinermann.ee\/et\/wp-json\/wp\/v2\/comments?post=1467"}],"version-history":[{"count":3,"href":"https:\/\/reinermann.ee\/et\/wp-json\/wp\/v2\/pages\/1467\/revisions"}],"predecessor-version":[{"id":1663,"href":"https:\/\/reinermann.ee\/et\/wp-json\/wp\/v2\/pages\/1467\/revisions\/1663"}],"up":[{"embeddable":true,"href":"https:\/\/reinermann.ee\/et\/wp-json\/wp\/v2\/pages\/952"}],"wp:featuredmedia":[{"embeddable":true,"href":"https:\/\/reinermann.ee\/et\/wp-json\/wp\/v2\/media\/1650"}],"wp:attachment":[{"href":"https:\/\/reinermann.ee\/et\/wp-json\/wp\/v2\/media?parent=1467"}],"curies":[{"name":"wp","href":"https:\/\/api.w.org\/{rel}","templated":true}]}}