{"id":1479,"date":"2018-10-29T10:42:59","date_gmt":"2018-10-29T10:42:59","guid":{"rendered":"http:\/\/reinermann.ee\/et\/?page_id=1479"},"modified":"2023-11-09T12:23:43","modified_gmt":"2023-11-09T12:23:43","slug":"suurpuhastus","status":"publish","type":"page","link":"https:\/\/reinermann.ee\/et\/puhastusteenused\/suurpuhastus\/","title":{"rendered":"Suurpuhastus"},"content":{"rendered":"\n<style type=\"text\/css\" data-created_by=\"avia_inline_auto\" id=\"style-css-av-qwuxkn-171bef7acf27e729cb94269cfabcd41b\">\n#top .av-special-heading.av-qwuxkn-171bef7acf27e729cb94269cfabcd41b{\npadding-bottom:10px;\nfont-size:30px;\n}\nbody .av-special-heading.av-qwuxkn-171bef7acf27e729cb94269cfabcd41b .av-special-heading-tag .heading-char{\nfont-size:25px;\n}\n#top #wrap_all .av-special-heading.av-qwuxkn-171bef7acf27e729cb94269cfabcd41b .av-special-heading-tag{\nfont-size:30px;\n}\n.av-special-heading.av-qwuxkn-171bef7acf27e729cb94269cfabcd41b .av-subheading{\nfont-size:15px;\n}\n\n@media only screen and (min-width: 480px) and (max-width: 767px){ \n#top #wrap_all .av-special-heading.av-qwuxkn-171bef7acf27e729cb94269cfabcd41b .av-special-heading-tag{\nfont-size:0.8em;\n}\n}\n\n@media only screen and (max-width: 479px){ \n#top #wrap_all .av-special-heading.av-qwuxkn-171bef7acf27e729cb94269cfabcd41b .av-special-heading-tag{\nfont-size:0.8em;\n}\n}\n<\/style>\n<div  class='av-special-heading av-qwuxkn-171bef7acf27e729cb94269cfabcd41b av-special-heading-h1 blockquote modern-quote  avia-builder-el-0  el_before_av_hr  avia-builder-el-first  av-inherit-size'><h1 class='av-special-heading-tag'  itemprop=\"headline\"  >Suurpuhastus<\/h1><div class=\"special-heading-border\"><div class=\"special-heading-inner-border\"><\/div><\/div><\/div>\n<div  class='hr av-q1wltz-9f101e63a01596e37e68d6bbcc754f3e hr-default  avia-builder-el-1  el_after_av_heading  el_before_av_two_third '><span class='hr-inner '><span class=\"hr-inner-style\"><\/span><\/span><\/div>\n\n<style type=\"text\/css\" data-created_by=\"avia_inline_auto\" id=\"style-css-av-se3ihj-33efcf4932668b926d1d7746c36cef0a\">\n.flex_column.av-se3ihj-33efcf4932668b926d1d7746c36cef0a{\nwidth:65%;\nborder-radius:0px 0px 0px 0px;\n}\n<\/style>\n<div  class='flex_column av-se3ihj-33efcf4932668b926d1d7746c36cef0a av_two_third  avia-builder-el-2  el_after_av_hr  el_before_av_one_third  first flex_column_div av-animated-generic bottom-to-top  '     ><section  class='av_textblock_section av-ocyocn-9460e57e663d628e4158b0fb73efb3f7 '   itemscope=\"itemscope\" itemtype=\"https:\/\/schema.org\/CreativeWork\" ><div class='avia_textblock'  itemprop=\"text\" ><p>Suurpuhastus teostatakse reeglina kaks korda aastas &#8211; kevadel ja s\u00fcgisel. Suurpuhastus n\u00f5uab spetsiifilisi oskusi ja tihti ka spetsiaalset tehnikat. N\u00e4iteks p\u00f5randate puhul ei ole \u00fchtegi universaalset masinat v\u00f5i puhastusvahendit, mis sobib k\u00f5ikidele t\u00fc\u00fcpidele. Meil on olemas vajalik inventar ning teadmised, et tagada laitmatu kvaliteet mis tahes tingimustes.<\/p>\n<p>Suurpuhastus h\u00f5lmab endas mitmeid erinevaid t\u00f6id:<\/p>\n<ul>\n<li>Erinevate p\u00f5randakatete puhastamine ja hooldamine<\/li>\n<li>Akende pesu &#8211; sh aknaraamid, aknalauad ja muud klaaspinnad<\/li>\n<li>Radiaatorite puhastamine sinna kogunenud tolmust ja plekkidest<\/li>\n<li>Seinte puhastamine tolmust ja plekkidest<\/li>\n<li>M\u00f6\u00f6bli v\u00e4lispidine puhastus<\/li>\n<li>Uste ja k\u00e4epidemete puhastamine<\/li>\n<\/ul>\n<div><\/div>\n<\/div><\/section><\/div>\n\n<style type=\"text\/css\" data-created_by=\"avia_inline_auto\" id=\"style-css-av-cs5qvr-b1dd4d84c4e4809b5c60745c0152d8f2\">\n.flex_column.av-cs5qvr-b1dd4d84c4e4809b5c60745c0152d8f2{\nwidth:30%;\nmargin-left:5%;\nborder-radius:0px 0px 0px 0px;\n}\n<\/style>\n<div  class='flex_column av-cs5qvr-b1dd4d84c4e4809b5c60745c0152d8f2 av_one_third  avia-builder-el-4  el_after_av_two_third  el_before_av_section  avia-builder-el-last  flex_column_div av-animated-generic bottom-to-top  '     ><style type=\"text\/css\" data-created_by=\"avia_inline_auto\" id=\"style-css-av-lor5rf5v-7d3e513214b103e7a7d8f812f697fe7a\">\n.avia-image-container.av-lor5rf5v-7d3e513214b103e7a7d8f812f697fe7a img.avia_image{\nbox-shadow:none;\n}\n.avia-image-container.av-lor5rf5v-7d3e513214b103e7a7d8f812f697fe7a .av-image-caption-overlay-center{\ncolor:#ffffff;\n}\n<\/style>\n<div  class='avia-image-container av-lor5rf5v-7d3e513214b103e7a7d8f812f697fe7a av-styling- avia-align-center  avia-builder-el-5  avia-builder-el-no-sibling '   itemprop=\"image\" itemscope=\"itemscope\" itemtype=\"https:\/\/schema.org\/ImageObject\" ><div class=\"avia-image-container-inner\"><div class=\"avia-image-overlay-wrap\"><img decoding=\"async\" class='wp-image-1686 avia-img-lazy-loading-not-1686 avia_image ' src=\"https:\/\/reinermann.ee\/et\/wp-content\/uploads\/2023\/11\/suurpuhastus-1.jpg\" alt='suurpuhastus' title='suurpuhastus'  height=\"627\" width=\"697\"  itemprop=\"thumbnailUrl\" srcset=\"https:\/\/reinermann.ee\/et\/wp-content\/uploads\/2023\/11\/suurpuhastus-1.jpg 697w, https:\/\/reinermann.ee\/et\/wp-content\/uploads\/2023\/11\/suurpuhastus-1-300x270.jpg 300w\" sizes=\"(max-width: 697px) 100vw, 697px\" \/><\/div><\/div><\/div><\/div><\/div><\/div><\/div><!-- close content main div --><\/div><\/div><div id='av_section_1'  class='avia-section av-ayvkef-46cff5471d5174df5e12981f0bc580fe main_color avia-section-default avia-no-border-styling  avia-builder-el-6  el_after_av_one_third  el_before_av_postcontent  avia-bg-style-scroll container_wrap sidebar_right'  ><div class='container av-section-cont-open' ><div class='template-page content  av-content-small alpha units'><div class='post-entry post-entry-type-page post-entry-1479'><div class='entry-content-wrapper clearfix'>\n<div class='flex_column_table av-9x5jif-5954457e718a023598ef8e29563a27a5 sc-av_three_fourth av-equal-height-column-flextable'>\n<style type=\"text\/css\" data-created_by=\"avia_inline_auto\" id=\"style-css-av-9x5jif-5954457e718a023598ef8e29563a27a5\">\n.flex_column.av-9x5jif-5954457e718a023598ef8e29563a27a5{\nwidth:74.25%;\nmargin-left:0;\nborder-radius:0px 0px 0px 0px;\n}\n#top .flex_column_table.av-equal-height-column-flextable.av-9x5jif-5954457e718a023598ef8e29563a27a5 .av-flex-placeholder{\nwidth:3%;\n}\n<\/style>\n<div  class='flex_column av-9x5jif-5954457e718a023598ef8e29563a27a5 av_three_fourth  avia-builder-el-7  el_before_av_one_fourth  avia-builder-el-first  first flex_column_table_cell av-equal-height-column av-align-middle  '     ><style type=\"text\/css\" data-created_by=\"avia_inline_auto\" id=\"style-css-av-lor4gor6-f2b1f2bb77b65d867fc6167577e09344\">\n#top .av-special-heading.av-lor4gor6-f2b1f2bb77b65d867fc6167577e09344{\npadding-bottom:10px;\nfont-size:30px;\n}\nbody .av-special-heading.av-lor4gor6-f2b1f2bb77b65d867fc6167577e09344 .av-special-heading-tag .heading-char{\nfont-size:25px;\n}\n#top #wrap_all .av-special-heading.av-lor4gor6-f2b1f2bb77b65d867fc6167577e09344 .av-special-heading-tag{\nfont-size:30px;\n}\n.av-special-heading.av-lor4gor6-f2b1f2bb77b65d867fc6167577e09344 .av-subheading{\nfont-size:15px;\n}\n\n@media only screen and (min-width: 480px) and (max-width: 767px){ \n#top #wrap_all .av-special-heading.av-lor4gor6-f2b1f2bb77b65d867fc6167577e09344 .av-special-heading-tag{\nfont-size:0.8em;\n}\n}\n\n@media only screen and (max-width: 479px){ \n#top #wrap_all .av-special-heading.av-lor4gor6-f2b1f2bb77b65d867fc6167577e09344 .av-special-heading-tag{\nfont-size:0.8em;\n}\n}\n<\/style>\n<div  class='av-special-heading av-lor4gor6-f2b1f2bb77b65d867fc6167577e09344 av-special-heading-h3 blockquote modern-quote  avia-builder-el-8  avia-builder-el-no-sibling  av-inherit-size'><h3 class='av-special-heading-tag'  itemprop=\"headline\"  >Suurpuhastus teenus professionaalidelt. V\u00f5tke meiega \u00fchendust!<\/h3><div class=\"special-heading-border\"><div class=\"special-heading-inner-border\"><\/div><\/div><\/div><\/div><div class='av-flex-placeholder'><\/div>\n<style type=\"text\/css\" data-created_by=\"avia_inline_auto\" id=\"style-css-av-70qr5j-15d04b519b68cad741ffde8b9349d390\">\n.flex_column.av-70qr5j-15d04b519b68cad741ffde8b9349d390{\nwidth:22.75%;\nmargin-left:0;\nborder-radius:0px 0px 0px 0px;\npadding:30px 30px 30px 30px;\n}\n#top .flex_column_table.av-equal-height-column-flextable.av-70qr5j-15d04b519b68cad741ffde8b9349d390 .av-flex-placeholder{\nwidth:3%;\n}\n<\/style>\n<div  class='flex_column av-70qr5j-15d04b519b68cad741ffde8b9349d390 av_one_fourth  avia-builder-el-9  el_after_av_three_fourth  avia-builder-el-last  flex_column_table_cell av-equal-height-column av-align-middle  '     ><div  class='avia-buttonrow-wrap av-5drzef-fd65dcd652f1d9be03a0d247a17cd3ec avia-buttonrow-center  avia-builder-el-10  avia-builder-el-no-sibling '>\n\n<style type=\"text\/css\" data-created_by=\"avia_inline_auto\" id=\"style-css-av-47yxav-ce071327d8e952e0f0c183fb6680a9de\">\n#top #wrap_all .avia-button.av-47yxav-ce071327d8e952e0f0c183fb6680a9de{\nmargin-bottom:5px;\nmargin-right:3px;\nmargin-left:3px;\n}\n<\/style>\n<a href='#hinnaparing'  class='avia-button av-47yxav-ce071327d8e952e0f0c183fb6680a9de avia-icon_select-no avia-size-large avia-color-theme-color'  ><span class='avia_iconbox_title' >K\u00fcsi pakkumist<\/span><\/a>\n<\/div><\/div><\/div><!--close column table wrapper. Autoclose: 1 -->\n<\/p>\n[av_section min_height='' min_height_pc='25' min_height_px='500px' shadow='no-border-styling' bottom_border='no-border-styling' bottom_border_diagonal_color='#333333' bottom_border_diagonal_direction='' bottom_border_style='' padding='large' custom_margin='0px' custom_margin_sync='true' av-desktop-custom_margin='' av-desktop-custom_margin_sync='true' av-medium-custom_margin='' av-medium-custom_margin_sync='true' av-small-custom_margin='' av-small-custom_margin_sync='true' av-mini-custom_margin='' av-mini-custom_margin_sync='true' svg_div_top='' svg_div_top_color='#333333' svg_div_top_width='100' svg_div_top_height='50' svg_div_top_max_height='none' svg_div_top_opacity='' svg_div_bottom='' svg_div_bottom_color='#333333' svg_div_bottom_width='100' svg_div_bottom_height='50' svg_div_bottom_max_height='none' svg_div_bottom_opacity='' fold_type='' fold_height='' fold_more='Read more' fold_less='Read less' fold_text_style='' fold_btn_align='' color='main_color' background='bg_gradient' custom_bg='' background_gradient_direction='vertical' background_gradient_color1='#f2f2f2' background_gradient_color2='#ffffff' background_gradient_color3='' src='' attachment='' attachment_size='' attach='scroll' position='top left' repeat='no-repeat' video='' video_ratio='16:9' overlay_opacity='0.5' overlay_color='' overlay_pattern='' overlay_custom_pattern='' custom_arrow_bg='' fold_overlay_color='' fold_text_color='' fold_btn_color='theme-color' fold_btn_bg_color='' fold_btn_font_color='' size-btn-text='' av-desktop-font-size-btn-text='' av-medium-font-size-btn-text='' av-small-font-size-btn-text='' av-mini-font-size-btn-text='' fold_timer='' z_index_fold='' css_position_z_index='' av-desktop-css_position_z_index='' av-medium-css_position_z_index='' av-small-css_position_z_index='' av-mini-css_position_z_index='' id='hinnaparing' custom_class='' template_class='' aria_label='' av_element_hidden_in_editor='0' av_uid='av-jm7zk6' sc_version='1.0']\r\n[av_one_third first min_height='av-equal-height-column' vertical_alignment='av-align-middle' space='6' row_boxshadow_width='10' row_boxshadow_color='' margin='-200px,0px' av-desktop-margin='' av-desktop-margin_sync='true' av-medium-margin='' av-medium-margin_sync='true' av-small-margin='' av-small-margin_sync='true' av-mini-margin='' av-mini-margin_sync='true' mobile_breaking='' mobile_column_order='' border='' border_style='solid' border_color='' radius='0px' radius_sync='true' min_col_height='' padding='' padding_sync='true' av-desktop-padding='' av-desktop-padding_sync='true' av-medium-padding='' av-medium-padding_sync='true' av-small-padding='' av-small-padding_sync='true' av-mini-padding='' av-mini-padding_sync='true' svg_div_top='' svg_div_top_color='#333333' svg_div_top_width='100' svg_div_top_height='50' svg_div_top_max_height='none' svg_div_top_opacity='' svg_div_bottom='' svg_div_bottom_color='#333333' svg_div_bottom_width='100' svg_div_bottom_height='50' svg_div_bottom_max_height='none' svg_div_bottom_opacity='' fold_type='' fold_height='' fold_more='Read more' fold_less='Read less' fold_text_style='' fold_btn_align='' column_boxshadow_width='10' column_boxshadow_color='' background='bg_color' background_color='' background_gradient_direction='vertical' background_gradient_color1='#000000' background_gradient_color2='#ffffff' background_gradient_color3='' src='' attachment='' attachment_size='' background_position='top left' background_repeat='no-repeat' highlight_size='1.1' fold_overlay_color='' fold_text_color='' fold_btn_color='theme-color' fold_btn_bg_color='' fold_btn_font_color='' size-btn-text='' av-desktop-font-size-btn-text='' av-medium-font-size-btn-text='' av-small-font-size-btn-text='' av-mini-font-size-btn-text='' animation='bottom-to-top' animation_duration='' animation_custom_bg_color='' animation_z_index_curtain='100' parallax_parallax='' parallax_parallax_speed='' av-desktop-parallax_parallax='' av-desktop-parallax_parallax_speed='' av-medium-parallax_parallax='' av-medium-parallax_parallax_speed='' av-small-parallax_parallax='' av-small-parallax_parallax_speed='' av-mini-parallax_parallax='' av-mini-parallax_parallax_speed='' fold_timer='' z_index_fold='' css_position='' css_position_location=',,,' css_position_z_index='' av-desktop-css_position='' av-desktop-css_position_location=',,,' av-desktop-css_position_z_index='' av-medium-css_position='' av-medium-css_position_location=',,,' av-medium-css_position_z_index='' av-small-css_position='' av-small-css_position_location=',,,' av-small-css_position_z_index='' av-mini-css_position='' av-mini-css_position_location=',,,' av-mini-css_position_z_index='' link='' linktarget='' link_hover='' title_attr='' alt_attr='' mobile_display='' mobile_col_pos='0' id='' custom_class='' template_class='' aria_label='' av_uid='av-guzo5y' sc_version='1.0']\r\n\r\n[av_heading heading='Saada hinnap\u00e4ring' tag='h2' style='blockquote modern-quote' subheading_active='' show_icon='' icon='ue800' font='entypo-fontello' size='30' av-desktop-font-size-title='' av-medium-font-size-title='' av-small-font-size-title='' av-mini-font-size-title='' subheading_size='15' av-desktop-font-size='' av-medium-font-size='' av-small-font-size='' av-mini-font-size='' icon_size='' av-desktop-font-size-1='' av-medium-font-size-1='' av-small-font-size-1='' av-mini-font-size-1='' color='' custom_font='#ffffff' subheading_color='' seperator_color='' icon_color='' margin='' margin_sync='true' av-desktop-margin='' av-desktop-margin_sync='true' av-medium-margin='' av-medium-margin_sync='true' av-small-margin='' av-small-margin_sync='true' av-mini-margin='' av-mini-margin_sync='true' headline_padding='' headline_padding_sync='true' av-desktop-headline_padding='' av-desktop-headline_padding_sync='true' av-medium-headline_padding='' av-medium-headline_padding_sync='true' av-small-headline_padding='' av-small-headline_padding_sync='true' av-mini-headline_padding='' av-mini-headline_padding_sync='true' padding='10' av-desktop-padding='' av-medium-padding='' av-small-padding='' av-mini-padding='' icon_padding='10' av-desktop-icon_padding='' av-medium-icon_padding='' av-small-icon_padding='' av-mini-icon_padding='' link='' link_target='' title_attr='' id='' custom_class='' template_class='' av_uid='av-fzf1ye' sc_version='1.0' admin_preview_bg=''][\/av_heading]\r\n\r\n[av_textblock fold_type='' fold_height='' fold_more='Read more' fold_less='Read less' fold_text_style='' fold_btn_align='' textblock_styling_align='' textblock_styling='' textblock_styling_gap='' textblock_styling_mobile='' size='' av-desktop-font-size='' av-medium-font-size='' av-small-font-size='' av-mini-font-size='' font_color='' color='' fold_overlay_color='' fold_text_color='' fold_btn_color='theme-color' fold_btn_bg_color='' fold_btn_font_color='' size-btn-text='' av-desktop-font-size-btn-text='' av-medium-font-size-btn-text='' av-small-font-size-btn-text='' av-mini-font-size-btn-text='' fold_timer='' z_index_fold='' id='' custom_class='' template_class='' av_uid='av-drvjja' sc_version='1.0' admin_preview_bg='']\r\nKuna iga t\u00f6\u00f6 on oma erip\u00e4rade poolest teistest erinev, ei ole ilma lisainfota v\u00f5imalik puhastusteenusele hinnasilti k\u00fclge kleepida. Kui soovite hinnapakkumist, v\u00f5tke meiega palun \u00fchendust ja t\u00e4psustage oma soove ja vajadusi.\r\n\r\nMeiega on alati v\u00f5imalik teenuste maksumus l\u00e4bi r\u00e4\u00e4kida ning j\u00f5uda m\u00f5lema osapoole jaoks sobiva tulemuseni.\r\n[\/av_textblock]\r\n\r\n[\/av_one_third][av_two_third min_height='av-equal-height-column' vertical_alignment='av-align-middle' space='no_margin' row_boxshadow_width='10' row_boxshadow_color='' margin='-200px,0px' av-desktop-margin='' av-desktop-margin_sync='true' av-medium-margin='' av-medium-margin_sync='true' av-small-margin='' av-small-margin_sync='true' av-mini-margin='' av-mini-margin_sync='true' mobile_breaking='' mobile_column_order='' border='' border_style='solid' border_color='' radius='0px' radius_sync='true' min_col_height='' padding='20px' padding_sync='true' av-desktop-padding='' av-desktop-padding_sync='true' av-medium-padding='' av-medium-padding_sync='true' av-small-padding='' av-small-padding_sync='true' av-mini-padding='' av-mini-padding_sync='true' svg_div_top='' svg_div_top_color='#333333' svg_div_top_width='100' svg_div_top_height='50' svg_div_top_max_height='none' svg_div_top_opacity='' svg_div_bottom='' svg_div_bottom_color='#333333' svg_div_bottom_width='100' svg_div_bottom_height='50' svg_div_bottom_max_height='none' svg_div_bottom_opacity='' fold_type='' fold_height='' fold_more='Read more' fold_less='Read less' fold_text_style='' fold_btn_align='' column_boxshadow_width='10' column_boxshadow_color='' background='bg_color' background_color='' background_gradient_direction='vertical' background_gradient_color1='#000000' background_gradient_color2='#ffffff' background_gradient_color3='' src='' attachment='' attachment_size='' background_position='top left' background_repeat='no-repeat' highlight_size='1.1' fold_overlay_color='' fold_text_color='' fold_btn_color='theme-color' fold_btn_bg_color='' fold_btn_font_color='' size-btn-text='' av-desktop-font-size-btn-text='' av-medium-font-size-btn-text='' av-small-font-size-btn-text='' av-mini-font-size-btn-text='' animation='bottom-to-top' animation_duration='' animation_custom_bg_color='' animation_z_index_curtain='100' parallax_parallax='' parallax_parallax_speed='' av-desktop-parallax_parallax='' av-desktop-parallax_parallax_speed='' av-medium-parallax_parallax='' av-medium-parallax_parallax_speed='' av-small-parallax_parallax='' av-small-parallax_parallax_speed='' av-mini-parallax_parallax='' av-mini-parallax_parallax_speed='' fold_timer='' z_index_fold='' css_position='' css_position_location=',,,' css_position_z_index='' av-desktop-css_position='' av-desktop-css_position_location=',,,' av-desktop-css_position_z_index='' av-medium-css_position='' av-medium-css_position_location=',,,' av-medium-css_position_z_index='' av-small-css_position='' av-small-css_position_location=',,,' av-small-css_position_z_index='' av-mini-css_position='' av-mini-css_position_location=',,,' av-mini-css_position_z_index='' link='' linktarget='' link_hover='' title_attr='' alt_attr='' mobile_display='' mobile_col_pos='0' id='' custom_class='' template_class='' aria_label='' av_uid='av-ch75pi' sc_version='1.0']\r\n\r\n[av_contact title='' button='Saada p\u00e4ring' on_send='' sent='Ait\u00e4h! V\u00f5tame teiega \u00fchendust.' link='manually,http:\/\/' with_errors='' captcha='recaptcha_v3' captcha_theme='light' captcha_size='normal' captcha_score='0.5' email='reinermann@reinermann.ee' from_email='' subject='Hinnap\u00e4ring - Reinermann O\u00dc koduleht' autoresponder_email='henry@elemental.ee' autoresponder_reply_to='' autoresponder_subject='' autorespond='' autorespond_after='' form_align='' color='' heading_tag='' heading_class='' alb_description='' id='' custom_class='' template_class='' aria_label='' av_uid='av-an79au' sc_version='1.0' admin_preview_bg='']\r\n[av_contact_field type='text' label='Nimi' options='' check='is_empty' element_display='' width='element_third' headline_tag='h3' av_uid='av-9841vq' sc_version='1.0' multi_select='' av_contact_preselect=''][\/av_contact_field]\r\n[av_contact_field type='text' label='Telefon' options='' check='' element_display='' width='element_third' headline_tag='h3' av_uid='av-7wvy6e' sc_version='1.0' multi_select='' av_contact_preselect=''][\/av_contact_field]\r\n[av_contact_field type='text' label='E-post' options='' check='is_email' element_display='' width='element_third' headline_tag='h3' av_uid='av-io6qu' sc_version='1.0' multi_select='' av_contact_preselect=''][\/av_contact_field]\r\n[av_contact_field label='Objekti asukoht' type='text' options='' check='' width='' multi_select='' av_contact_preselect='' av_uid='av-3ifn8m' element_display='' headline_tag='h3' sc_version='1.0'][\/av_contact_field]\r\n[av_contact_field type='textarea' label='Lisainfo ja t\u00e4psustused' options='' check='is_empty' element_display='' width='' headline_tag='h3' av_uid='av-31laja' sc_version='1.0' multi_select='' av_contact_preselect=''][\/av_contact_field]\r\n[\/av_contact]\r\n\r\n[\/av_two_third]\r\n[\/av_section]\r\n\r\n\n","protected":false},"excerpt":{"rendered":"","protected":false},"author":1,"featured_media":1686,"parent":952,"menu_order":0,"comment_status":"closed","ping_status":"closed","template":"","meta":{"footnotes":""},"class_list":["post-1479","page","type-page","status-publish","has-post-thumbnail","hentry"],"_links":{"self":[{"href":"https:\/\/reinermann.ee\/et\/wp-json\/wp\/v2\/pages\/1479","targetHints":{"allow":["GET"]}}],"collection":[{"href":"https:\/\/reinermann.ee\/et\/wp-json\/wp\/v2\/pages"}],"about":[{"href":"https:\/\/reinermann.ee\/et\/wp-json\/wp\/v2\/types\/page"}],"author":[{"embeddable":true,"href":"https:\/\/reinermann.ee\/et\/wp-json\/wp\/v2\/users\/1"}],"replies":[{"embeddable":true,"href":"https:\/\/reinermann.ee\/et\/wp-json\/wp\/v2\/comments?post=1479"}],"version-history":[{"count":3,"href":"https:\/\/reinermann.ee\/et\/wp-json\/wp\/v2\/pages\/1479\/revisions"}],"predecessor-version":[{"id":1687,"href":"https:\/\/reinermann.ee\/et\/wp-json\/wp\/v2\/pages\/1479\/revisions\/1687"}],"up":[{"embeddable":true,"href":"https:\/\/reinermann.ee\/et\/wp-json\/wp\/v2\/pages\/952"}],"wp:featuredmedia":[{"embeddable":true,"href":"https:\/\/reinermann.ee\/et\/wp-json\/wp\/v2\/media\/1686"}],"wp:attachment":[{"href":"https:\/\/reinermann.ee\/et\/wp-json\/wp\/v2\/media?parent=1479"}],"curies":[{"name":"wp","href":"https:\/\/api.w.org\/{rel}","templated":true}]}}